{"id":8313,"date":"2023-01-11T14:21:56","date_gmt":"2023-01-11T14:21:56","guid":{"rendered":"http:\/\/sandbox.aditivosceramicos.com\/?page_id=8313"},"modified":"2025-09-11T09:56:33","modified_gmt":"2025-09-11T09:56:33","slug":"superficies-antideslizantes","status":"publish","type":"page","link":"https:\/\/www.aditivosceramicos.com\/index.php\/es\/superficies-antideslizantes\/","title":{"rendered":"Superficies Antideslizantes"},"content":{"rendered":"\t\t<div data-elementor-type=\"wp-page\" data-elementor-id=\"8313\" class=\"elementor elementor-8313\">\n\t\t\t\t\t\t<section class=\"elementor-section elementor-top-section elementor-element elementor-element-0ce7609 elementor-section-boxed elementor-section-height-default elementor-section-height-default\" data-id=\"0ce7609\" data-element_type=\"section\">\n\t\t\t\t\t\t<div class=\"elementor-container elementor-column-gap-default\">\n\t\t\t\t\t<div class=\"elementor-column elementor-col-50 elementor-top-column elementor-element elementor-element-daf75ba\" data-id=\"daf75ba\" data-element_type=\"column\">\n\t\t\t<div class=\"elementor-widget-wrap elementor-element-populated\">\n\t\t\t\t\t\t<div class=\"elementor-element elementor-element-e33ed69 elementor-widget__width-initial elementor-widget elementor-widget-video\" data-id=\"e33ed69\" data-element_type=\"widget\" data-settings=\"{&quot;video_type&quot;:&quot;hosted&quot;,&quot;autoplay&quot;:&quot;yes&quot;,&quot;controls&quot;:&quot;yes&quot;}\" data-widget_type=\"video.default\">\n\t\t\t\t<div class=\"elementor-widget-container\">\n\t\t\t\t\t\t\t<div class=\"e-hosted-video elementor-wrapper elementor-open-inline\">\n\t\t\t\t\t<video class=\"elementor-video\" src=\"https:\/\/www.aditivosceramicos.com\/wp-content\/uploads\/2023\/01\/woman-running-up-the-stairs.mp4\" autoplay=\"\" controls=\"\" controlsList=\"nodownload\"><\/video>\n\t\t\t\t<\/div>\n\t\t\t\t\t\t<\/div>\n\t\t\t\t<\/div>\n\t\t\t\t\t<\/div>\n\t\t<\/div>\n\t\t\t\t<div class=\"elementor-column elementor-col-50 elementor-top-column elementor-element elementor-element-ef508bf\" data-id=\"ef508bf\" data-element_type=\"column\">\n\t\t\t<div class=\"elementor-widget-wrap elementor-element-populated\">\n\t\t\t\t\t\t<div class=\"elementor-element elementor-element-99ae301 elementor-widget elementor-widget-image\" data-id=\"99ae301\" data-element_type=\"widget\" data-widget_type=\"image.default\">\n\t\t\t\t<div class=\"elementor-widget-container\">\n\t\t\t\t\t\t\t\t\t\t\t\t\t\t\t\t<a href=\"https:\/\/www.aditivosceramicos.com\/index.php\/superficies-antideslizantes\/\" image=\"\">\n\t\t\t\t\t\t\t<img fetchpriority=\"high\" decoding=\"async\" width=\"800\" height=\"599\" src=\"https:\/\/www.aditivosceramicos.com\/wp-content\/uploads\/2023\/01\/istock_000014997077medium-1-ed2ffab67f27799e5e6690a415158b7d5e0c85fa-s800-c85.jpg\" class=\"attachment-large size-large wp-image-8412\" alt=\"\" srcset=\"https:\/\/www.aditivosceramicos.com\/wp-content\/uploads\/2023\/01\/istock_000014997077medium-1-ed2ffab67f27799e5e6690a415158b7d5e0c85fa-s800-c85.jpg 800w, https:\/\/www.aditivosceramicos.com\/wp-content\/uploads\/2023\/01\/istock_000014997077medium-1-ed2ffab67f27799e5e6690a415158b7d5e0c85fa-s800-c85-300x225.jpg 300w, https:\/\/www.aditivosceramicos.com\/wp-content\/uploads\/2023\/01\/istock_000014997077medium-1-ed2ffab67f27799e5e6690a415158b7d5e0c85fa-s800-c85-768x575.jpg 768w\" sizes=\"(max-width: 800px) 100vw, 800px\" \/>\t\t\t\t\t\t\t\t<\/a>\n\t\t\t\t\t\t\t\t\t\t\t\t\t\t\t<\/div>\n\t\t\t\t<\/div>\n\t\t\t\t\t<\/div>\n\t\t<\/div>\n\t\t\t\t\t<\/div>\n\t\t<\/section>\n\t\t\t\t<section class=\"elementor-section elementor-top-section elementor-element elementor-element-b875cd6 elementor-section-boxed elementor-section-height-default elementor-section-height-default\" data-id=\"b875cd6\" data-element_type=\"section\">\n\t\t\t\t\t\t<div class=\"elementor-container elementor-column-gap-default\">\n\t\t\t\t\t<div class=\"elementor-column elementor-col-100 elementor-top-column elementor-element elementor-element-3ee3acb\" data-id=\"3ee3acb\" data-element_type=\"column\">\n\t\t\t<div class=\"elementor-widget-wrap elementor-element-populated\">\n\t\t\t\t\t\t<div class=\"elementor-element elementor-element-cbcad33 elementor-widget elementor-widget-heading\" data-id=\"cbcad33\" data-element_type=\"widget\" data-widget_type=\"heading.default\">\n\t\t\t\t<div class=\"elementor-widget-container\">\n\t\t\t\t\t<h2 class=\"elementor-heading-title elementor-size-default\">Nuevos aditivos con funcionalidad antideslizante<\/h2>\t\t\t\t<\/div>\n\t\t\t\t<\/div>\n\t\t\t\t\t<\/div>\n\t\t<\/div>\n\t\t\t\t\t<\/div>\n\t\t<\/section>\n\t\t\t\t<section class=\"elementor-section elementor-top-section elementor-element elementor-element-fccaaaf elementor-section-boxed elementor-section-height-default elementor-section-height-default\" data-id=\"fccaaaf\" data-element_type=\"section\">\n\t\t\t\t\t\t<div class=\"elementor-container elementor-column-gap-default\">\n\t\t\t\t\t<div class=\"elementor-column elementor-col-100 elementor-top-column elementor-element elementor-element-0669166\" data-id=\"0669166\" data-element_type=\"column\">\n\t\t\t<div class=\"elementor-widget-wrap elementor-element-populated\">\n\t\t\t\t\t\t<div class=\"elementor-element elementor-element-9a412a8 elementor-widget elementor-widget-text-editor\" data-id=\"9a412a8\" data-element_type=\"widget\" data-widget_type=\"text-editor.default\">\n\t\t\t\t<div class=\"elementor-widget-container\">\n\t\t\t\t\t\t\t\t\t<p>El sector cer\u00e1mico cuenta con materiales convencionales como corindones, al\u00faminas o microgranillas, entre otros, para crear superficies antideslizantes que cumplan con los est\u00e1ndares actuales y sigan las normativas de antideslizamiento. Sin embargo, dichos materiales presentan una serie de desventajas que acaban comprometiendo la calidad de la superficie cer\u00e1mica, tanto a nivel f\u00edsico-qu\u00edmico como a nivel visual, donde en la mayor\u00eda de casos hay que realizar muchos ajustes en el dise\u00f1o final para obtener el resultado deseado.<\/p><p>Las\u00a0<strong style=\"font-style: inherit;\"><em>t\u00e9cnicas actuales\u00a0<\/em><\/strong>o bien se centran en la elaboraci\u00f3n de rugosidad superficial o en el desgaste de la superficie para hacerla m\u00e1s porosa, por lo que\u00a0<strong style=\"font-style: inherit;\"><em>no permiten tener un<\/em><\/strong>\u00a0<strong style=\"font-style: inherit;\"><em>control de la intensidad de la propiedad antideslizante\u00a0<\/em><\/strong>y son de\u00a0<strong style=\"font-style: inherit;\"><em>duraci\u00f3n<\/em><\/strong>\u00a0<strong style=\"font-style: inherit;\"><em>limitada<\/em><\/strong><\/p><p>El material desarrollado por\u00a0<a href=\"https:\/\/www.aditivosceramicos.com\"><strong style=\"font-style: inherit;\"><em>Aditivos Cer\u00e1micos<\/em><\/strong><\/a>\u00a0consiste en un polvo cer\u00e1mico de naturaleza inorg\u00e1nica que es capaz de sinterizar a altas temperaturas y formar una microtopograf\u00eda con porosidad cerrada, confiriendo a las piezas sobre las que se aplica,<strong style=\"font-style: inherit;\"><em>\u00a0efectos antideslizantes <\/em><\/strong>de una ilimitada duraci\u00f3n, f\u00e1cil limpieza y mayor realismo.<\/p><p><strong>La gama de <a href=\"http:\/\/aditivosceramicos.com\/index.php\/productos\/\">productos<\/a> <em>ANTISLIP<\/em> desarrollada por Aditivos Cer\u00e1micos S.L.<\/strong>\u00a0consiste en diferentes formulados en base agua con los que obtener superficies antideslizantes en pavimentos cer\u00e1micos.\u00a0 Consiguiendo un tacto suave y agradable sin comprometer el dise\u00f1o final del azulejo, adem\u00e1s de otra serie de ventajas que hacen que la soluci\u00f3n sea una de las m\u00e1s competitivas del mercado.<\/p><p>Cabe mencionar, que en el mercado actual no existen estos innovadores productos, ya que la tecnolog\u00eda empleada es totalmente nueva en el sector y se ha desarrollado de tal manera que pueda aplicarse directamente mediante pulverizaci\u00f3n o integr\u00e1ndose en las tintas inkjet para el caso de los azulejos.<\/p><p>Por lo tanto, las principales caracter\u00edsticas que <span style=\"color: #008000;\"><strong>ANTISLIP<\/strong><\/span> confiere a la pieza final son:<\/p><ul><li>Ajuste de las propiedades antideslizantes del azulejo final (desde R-9 a R-13).<\/li><li>Superficie final de textura suave y agradable al tacto.<\/li><li>Transparencia total. La aplicaci\u00f3n de este producto no afecta a los colores ni a los tonos. En acabados mate, genera un acabado natural evitando reflejos y brillos que crean un efecto antiest\u00e9tico que desvirt\u00faa la pieza.<\/li><li>Puede ser aplicado sobre dise\u00f1os ya existentes con el prop\u00f3sito de mejorar su clasificaci\u00f3n en deslizamiento.<\/li><li>Muy resistente al desgaste. Indicado para pavimentos con mucho tr\u00e1nsito.<\/li><li>Muy f\u00e1cil de limpiar y muy buena resistencia a las manchas.<\/li><\/ul>\t\t\t\t\t\t\t\t<\/div>\n\t\t\t\t<\/div>\n\t\t\t\t\t<\/div>\n\t\t<\/div>\n\t\t\t\t\t<\/div>\n\t\t<\/section>\n\t\t\t\t<\/div>\n\t\t","protected":false},"excerpt":{"rendered":"<p>https:\/\/www.aditivosceramicos.com\/wp-content\/uploads\/2023\/01\/woman-running-up-the-stairs.mp4 Nuevos aditivos con funcionalidad antideslizante El sector cer\u00e1mico cuenta con materiales convencionales como corindones, al\u00faminas o microgranillas, entre otros, para crear superficies antideslizantes que cumplan con los est\u00e1ndares actuales y sigan las normativas de antideslizamiento. Sin embargo, dichos materiales presentan una serie de desventajas que acaban comprometiendo la calidad de la superficie cer\u00e1mica, tanto<a class=\"more-link\" href=\"https:\/\/www.aditivosceramicos.com\/index.php\/es\/superficies-antideslizantes\/\">Ver m\u00e1s  &#10230;<\/a><\/p>\n","protected":false},"author":1,"featured_media":0,"parent":0,"menu_order":0,"comment_status":"closed","ping_status":"closed","template":"","meta":{"inline_featured_image":false,"footnotes":""},"class_list":["post-8313","page","type-page","status-publish","hentry"],"yoast_head":"<!-- This site is optimized with the Yoast SEO plugin v25.9 - https:\/\/yoast.com\/wordpress\/plugins\/seo\/ -->\n<title>Superficies Antideslizantes - Aditivos<\/title>\n<meta name=\"description\" content=\"Superficies Antideslizantes. Este material de\u00a0Aditivos Cer\u00e1micos\u00a0es capaz de conferir efectos antideslizantes de ilimitada duraci\u00f3n.\" \/>\n<meta name=\"robots\" content=\"index, follow, max-snippet:-1, max-image-preview:large, max-video-preview:-1\" \/>\n<link rel=\"canonical\" href=\"https:\/\/www.aditivosceramicos.com\/index.php\/es\/superficies-antideslizantes\/\" \/>\n<meta property=\"og:locale\" content=\"es_ES\" \/>\n<meta property=\"og:type\" content=\"article\" \/>\n<meta property=\"og:title\" content=\"Superficies Antideslizantes - Aditivos\" \/>\n<meta property=\"og:description\" content=\"Superficies Antideslizantes. Este material de\u00a0Aditivos Cer\u00e1micos\u00a0es capaz de conferir efectos antideslizantes de ilimitada duraci\u00f3n.\" \/>\n<meta property=\"og:url\" content=\"https:\/\/www.aditivosceramicos.com\/index.php\/es\/superficies-antideslizantes\/\" \/>\n<meta property=\"og:site_name\" content=\"Aditivos\" \/>\n<meta property=\"article:modified_time\" content=\"2025-09-11T09:56:33+00:00\" \/>\n<meta property=\"og:image\" content=\"https:\/\/www.aditivosceramicos.com\/wp-content\/uploads\/2023\/01\/istock_000014997077medium-1-ed2ffab67f27799e5e6690a415158b7d5e0c85fa-s800-c85.jpg\" \/>\n\t<meta property=\"og:image:width\" content=\"800\" \/>\n\t<meta property=\"og:image:height\" content=\"599\" \/>\n\t<meta property=\"og:image:type\" content=\"image\/jpeg\" \/>\n<meta name=\"twitter:card\" content=\"summary_large_image\" \/>\n<meta name=\"twitter:label1\" content=\"Tiempo de lectura\" \/>\n\t<meta name=\"twitter:data1\" content=\"2 minutos\" \/>\n<script type=\"application\/ld+json\" class=\"yoast-schema-graph\">{\"@context\":\"https:\/\/schema.org\",\"@graph\":[{\"@type\":\"WebPage\",\"@id\":\"https:\/\/www.aditivosceramicos.com\/index.php\/es\/superficies-antideslizantes\/\",\"url\":\"https:\/\/www.aditivosceramicos.com\/index.php\/es\/superficies-antideslizantes\/\",\"name\":\"Superficies Antideslizantes - Aditivos\",\"isPartOf\":{\"@id\":\"https:\/\/www.aditivosceramicos.com\/#website\"},\"primaryImageOfPage\":{\"@id\":\"https:\/\/www.aditivosceramicos.com\/index.php\/es\/superficies-antideslizantes\/#primaryimage\"},\"image\":{\"@id\":\"https:\/\/www.aditivosceramicos.com\/index.php\/es\/superficies-antideslizantes\/#primaryimage\"},\"thumbnailUrl\":\"https:\/\/www.aditivosceramicos.com\/wp-content\/uploads\/2023\/01\/istock_000014997077medium-1-ed2ffab67f27799e5e6690a415158b7d5e0c85fa-s800-c85.jpg\",\"datePublished\":\"2023-01-11T14:21:56+00:00\",\"dateModified\":\"2025-09-11T09:56:33+00:00\",\"description\":\"Superficies Antideslizantes. Este material de\u00a0Aditivos Cer\u00e1micos\u00a0es capaz de conferir efectos antideslizantes de ilimitada duraci\u00f3n.\",\"breadcrumb\":{\"@id\":\"https:\/\/www.aditivosceramicos.com\/index.php\/es\/superficies-antideslizantes\/#breadcrumb\"},\"inLanguage\":\"es\",\"potentialAction\":[{\"@type\":\"ReadAction\",\"target\":[\"https:\/\/www.aditivosceramicos.com\/index.php\/es\/superficies-antideslizantes\/\"]}]},{\"@type\":\"ImageObject\",\"inLanguage\":\"es\",\"@id\":\"https:\/\/www.aditivosceramicos.com\/index.php\/es\/superficies-antideslizantes\/#primaryimage\",\"url\":\"https:\/\/www.aditivosceramicos.com\/wp-content\/uploads\/2023\/01\/istock_000014997077medium-1-ed2ffab67f27799e5e6690a415158b7d5e0c85fa-s800-c85.jpg\",\"contentUrl\":\"https:\/\/www.aditivosceramicos.com\/wp-content\/uploads\/2023\/01\/istock_000014997077medium-1-ed2ffab67f27799e5e6690a415158b7d5e0c85fa-s800-c85.jpg\",\"width\":800,\"height\":599},{\"@type\":\"BreadcrumbList\",\"@id\":\"https:\/\/www.aditivosceramicos.com\/index.php\/es\/superficies-antideslizantes\/#breadcrumb\",\"itemListElement\":[{\"@type\":\"ListItem\",\"position\":1,\"name\":\"Portada\",\"item\":\"https:\/\/www.aditivosceramicos.com\/\"},{\"@type\":\"ListItem\",\"position\":2,\"name\":\"Superficies Antideslizantes\"}]},{\"@type\":\"WebSite\",\"@id\":\"https:\/\/www.aditivosceramicos.com\/#website\",\"url\":\"https:\/\/www.aditivosceramicos.com\/\",\"name\":\"Aditivos\",\"description\":\"A matter of Chemistry\",\"publisher\":{\"@id\":\"https:\/\/www.aditivosceramicos.com\/#organization\"},\"potentialAction\":[{\"@type\":\"SearchAction\",\"target\":{\"@type\":\"EntryPoint\",\"urlTemplate\":\"https:\/\/www.aditivosceramicos.com\/?s={search_term_string}\"},\"query-input\":{\"@type\":\"PropertyValueSpecification\",\"valueRequired\":true,\"valueName\":\"search_term_string\"}}],\"inLanguage\":\"es\"},{\"@type\":\"Organization\",\"@id\":\"https:\/\/www.aditivosceramicos.com\/#organization\",\"name\":\"Aditivos\",\"url\":\"https:\/\/www.aditivosceramicos.com\/\",\"logo\":{\"@type\":\"ImageObject\",\"inLanguage\":\"es\",\"@id\":\"https:\/\/www.aditivosceramicos.com\/#\/schema\/logo\/image\/\",\"url\":\"https:\/\/www.aditivosceramicos.com\/wp-content\/uploads\/2022\/11\/cropped-Logo-Aditivos-Ceramicos.png\",\"contentUrl\":\"https:\/\/www.aditivosceramicos.com\/wp-content\/uploads\/2022\/11\/cropped-Logo-Aditivos-Ceramicos.png\",\"width\":2000,\"height\":385,\"caption\":\"Aditivos\"},\"image\":{\"@id\":\"https:\/\/www.aditivosceramicos.com\/#\/schema\/logo\/image\/\"}}]}<\/script>\n<!-- \/ Yoast SEO plugin. -->","yoast_head_json":{"title":"Superficies Antideslizantes - Aditivos","description":"Superficies Antideslizantes. Este material de\u00a0Aditivos Cer\u00e1micos\u00a0es capaz de conferir efectos antideslizantes de ilimitada duraci\u00f3n.","robots":{"index":"index","follow":"follow","max-snippet":"max-snippet:-1","max-image-preview":"max-image-preview:large","max-video-preview":"max-video-preview:-1"},"canonical":"https:\/\/www.aditivosceramicos.com\/index.php\/es\/superficies-antideslizantes\/","og_locale":"es_ES","og_type":"article","og_title":"Superficies Antideslizantes - Aditivos","og_description":"Superficies Antideslizantes. Este material de\u00a0Aditivos Cer\u00e1micos\u00a0es capaz de conferir efectos antideslizantes de ilimitada duraci\u00f3n.","og_url":"https:\/\/www.aditivosceramicos.com\/index.php\/es\/superficies-antideslizantes\/","og_site_name":"Aditivos","article_modified_time":"2025-09-11T09:56:33+00:00","og_image":[{"width":800,"height":599,"url":"https:\/\/www.aditivosceramicos.com\/wp-content\/uploads\/2023\/01\/istock_000014997077medium-1-ed2ffab67f27799e5e6690a415158b7d5e0c85fa-s800-c85.jpg","type":"image\/jpeg"}],"twitter_card":"summary_large_image","twitter_misc":{"Tiempo de lectura":"2 minutos"},"schema":{"@context":"https:\/\/schema.org","@graph":[{"@type":"WebPage","@id":"https:\/\/www.aditivosceramicos.com\/index.php\/es\/superficies-antideslizantes\/","url":"https:\/\/www.aditivosceramicos.com\/index.php\/es\/superficies-antideslizantes\/","name":"Superficies Antideslizantes - Aditivos","isPartOf":{"@id":"https:\/\/www.aditivosceramicos.com\/#website"},"primaryImageOfPage":{"@id":"https:\/\/www.aditivosceramicos.com\/index.php\/es\/superficies-antideslizantes\/#primaryimage"},"image":{"@id":"https:\/\/www.aditivosceramicos.com\/index.php\/es\/superficies-antideslizantes\/#primaryimage"},"thumbnailUrl":"https:\/\/www.aditivosceramicos.com\/wp-content\/uploads\/2023\/01\/istock_000014997077medium-1-ed2ffab67f27799e5e6690a415158b7d5e0c85fa-s800-c85.jpg","datePublished":"2023-01-11T14:21:56+00:00","dateModified":"2025-09-11T09:56:33+00:00","description":"Superficies Antideslizantes. Este material de\u00a0Aditivos Cer\u00e1micos\u00a0es capaz de conferir efectos antideslizantes de ilimitada duraci\u00f3n.","breadcrumb":{"@id":"https:\/\/www.aditivosceramicos.com\/index.php\/es\/superficies-antideslizantes\/#breadcrumb"},"inLanguage":"es","potentialAction":[{"@type":"ReadAction","target":["https:\/\/www.aditivosceramicos.com\/index.php\/es\/superficies-antideslizantes\/"]}]},{"@type":"ImageObject","inLanguage":"es","@id":"https:\/\/www.aditivosceramicos.com\/index.php\/es\/superficies-antideslizantes\/#primaryimage","url":"https:\/\/www.aditivosceramicos.com\/wp-content\/uploads\/2023\/01\/istock_000014997077medium-1-ed2ffab67f27799e5e6690a415158b7d5e0c85fa-s800-c85.jpg","contentUrl":"https:\/\/www.aditivosceramicos.com\/wp-content\/uploads\/2023\/01\/istock_000014997077medium-1-ed2ffab67f27799e5e6690a415158b7d5e0c85fa-s800-c85.jpg","width":800,"height":599},{"@type":"BreadcrumbList","@id":"https:\/\/www.aditivosceramicos.com\/index.php\/es\/superficies-antideslizantes\/#breadcrumb","itemListElement":[{"@type":"ListItem","position":1,"name":"Portada","item":"https:\/\/www.aditivosceramicos.com\/"},{"@type":"ListItem","position":2,"name":"Superficies Antideslizantes"}]},{"@type":"WebSite","@id":"https:\/\/www.aditivosceramicos.com\/#website","url":"https:\/\/www.aditivosceramicos.com\/","name":"Aditivos","description":"A matter of Chemistry","publisher":{"@id":"https:\/\/www.aditivosceramicos.com\/#organization"},"potentialAction":[{"@type":"SearchAction","target":{"@type":"EntryPoint","urlTemplate":"https:\/\/www.aditivosceramicos.com\/?s={search_term_string}"},"query-input":{"@type":"PropertyValueSpecification","valueRequired":true,"valueName":"search_term_string"}}],"inLanguage":"es"},{"@type":"Organization","@id":"https:\/\/www.aditivosceramicos.com\/#organization","name":"Aditivos","url":"https:\/\/www.aditivosceramicos.com\/","logo":{"@type":"ImageObject","inLanguage":"es","@id":"https:\/\/www.aditivosceramicos.com\/#\/schema\/logo\/image\/","url":"https:\/\/www.aditivosceramicos.com\/wp-content\/uploads\/2022\/11\/cropped-Logo-Aditivos-Ceramicos.png","contentUrl":"https:\/\/www.aditivosceramicos.com\/wp-content\/uploads\/2022\/11\/cropped-Logo-Aditivos-Ceramicos.png","width":2000,"height":385,"caption":"Aditivos"},"image":{"@id":"https:\/\/www.aditivosceramicos.com\/#\/schema\/logo\/image\/"}}]}},"_links":{"self":[{"href":"https:\/\/www.aditivosceramicos.com\/index.php\/wp-json\/wp\/v2\/pages\/8313","targetHints":{"allow":["GET"]}}],"collection":[{"href":"https:\/\/www.aditivosceramicos.com\/index.php\/wp-json\/wp\/v2\/pages"}],"about":[{"href":"https:\/\/www.aditivosceramicos.com\/index.php\/wp-json\/wp\/v2\/types\/page"}],"author":[{"embeddable":true,"href":"https:\/\/www.aditivosceramicos.com\/index.php\/wp-json\/wp\/v2\/users\/1"}],"replies":[{"embeddable":true,"href":"https:\/\/www.aditivosceramicos.com\/index.php\/wp-json\/wp\/v2\/comments?post=8313"}],"version-history":[{"count":92,"href":"https:\/\/www.aditivosceramicos.com\/index.php\/wp-json\/wp\/v2\/pages\/8313\/revisions"}],"predecessor-version":[{"id":13792,"href":"https:\/\/www.aditivosceramicos.com\/index.php\/wp-json\/wp\/v2\/pages\/8313\/revisions\/13792"}],"wp:attachment":[{"href":"https:\/\/www.aditivosceramicos.com\/index.php\/wp-json\/wp\/v2\/media?parent=8313"}],"curies":[{"name":"wp","href":"https:\/\/api.w.org\/{rel}","templated":true}]}}