{"id":8020,"date":"2022-12-28T11:52:40","date_gmt":"2022-12-28T11:52:40","guid":{"rendered":"http:\/\/sandbox.aditivosceramicos.com\/?page_id=8020"},"modified":"2023-04-04T14:27:07","modified_gmt":"2023-04-04T14:27:07","slug":"ceramica-digital","status":"publish","type":"page","link":"https:\/\/www.aditivosceramicos.com\/index.php\/es\/ceramica-digital\/","title":{"rendered":"Cer\u00e1mica Digital"},"content":{"rendered":"\t\t<div data-elementor-type=\"wp-page\" data-elementor-id=\"8020\" class=\"elementor elementor-8020\">\n\t\t\t\t\t\t<section class=\"elementor-section elementor-top-section elementor-element elementor-element-c1f6dae elementor-section-boxed elementor-section-height-default elementor-section-height-default\" data-id=\"c1f6dae\" data-element_type=\"section\">\n\t\t\t\t\t\t<div class=\"elementor-container elementor-column-gap-default\">\n\t\t\t\t\t<div class=\"elementor-column elementor-col-100 elementor-top-column elementor-element elementor-element-412397f\" data-id=\"412397f\" data-element_type=\"column\">\n\t\t\t<div class=\"elementor-widget-wrap elementor-element-populated\">\n\t\t\t\t\t\t<div class=\"elementor-element elementor-element-330dd16 elementor-widget elementor-widget-heading\" data-id=\"330dd16\" data-element_type=\"widget\" data-widget_type=\"heading.default\">\n\t\t\t\t<div class=\"elementor-widget-container\">\n\t\t\t\t\t<h2 class=\"elementor-heading-title elementor-size-default\">\"Hoy en d\u00eda la producci\u00f3n cer\u00e1mica no puede entenderse sin la tecnolog\u00eda digital, y Aditivos Cer\u00e1micos S.L. ha apostado por ella estrat\u00e9gicamente desde el inicio de esta revoluci\u00f3n\".<\/h2>\t\t\t\t<\/div>\n\t\t\t\t<\/div>\n\t\t\t\t\t<\/div>\n\t\t<\/div>\n\t\t\t\t\t<\/div>\n\t\t<\/section>\n\t\t\t\t<section class=\"elementor-section elementor-top-section elementor-element elementor-element-4c585a7 elementor-section-boxed elementor-section-height-default elementor-section-height-default\" data-id=\"4c585a7\" data-element_type=\"section\">\n\t\t\t\t\t\t<div class=\"elementor-container elementor-column-gap-default\">\n\t\t\t\t\t<div class=\"elementor-column elementor-col-100 elementor-top-column elementor-element elementor-element-24002eb\" data-id=\"24002eb\" data-element_type=\"column\">\n\t\t\t<div class=\"elementor-widget-wrap elementor-element-populated\">\n\t\t\t\t\t\t<div class=\"elementor-element elementor-element-f0500fa elementor-widget elementor-widget-text-editor\" data-id=\"f0500fa\" data-element_type=\"widget\" data-widget_type=\"text-editor.default\">\n\t\t\t\t<div class=\"elementor-widget-container\">\n\t\t\t\t\t\t\t\t\t<p>Nuestro <a href=\"mailto:comercial@aditivosceramicos.com\">departamento t\u00e9cnico<\/a> colabora activamente con los principales fabricantes de m\u00e1quinas de impresi\u00f3n digital, de tintas digitales y con todos los actores auxiliares involucrados en el <span style=\"color: #000000;\"><a style=\"color: #000000;\" href=\"https:\/\/aggity.com\/transformacion-digital-en-la-industria-ceramica\/\">sector<\/a><\/span>. Esto, junto con la alta inversi\u00f3n en I+D+i que realizamos es la mejor manera de conocer realmente qu\u00e9 van a necesitar los clientes e ir preparados para allanarles el camino.<\/p><p>Ofrecemos soluciones para las distintas etapas del proceso decorativo digital:<\/p>\t\t\t\t\t\t\t\t<\/div>\n\t\t\t\t<\/div>\n\t\t\t\t\t<\/div>\n\t\t<\/div>\n\t\t\t\t\t<\/div>\n\t\t<\/section>\n\t\t\t\t<section class=\"elementor-section elementor-top-section elementor-element elementor-element-20c2eb7 elementor-section-boxed elementor-section-height-default elementor-section-height-default\" data-id=\"20c2eb7\" data-element_type=\"section\">\n\t\t\t\t\t\t<div class=\"elementor-container elementor-column-gap-default\">\n\t\t\t\t\t<div class=\"elementor-column elementor-col-100 elementor-top-column elementor-element elementor-element-822ce13\" data-id=\"822ce13\" data-element_type=\"column\">\n\t\t\t<div class=\"elementor-widget-wrap elementor-element-populated\">\n\t\t\t\t\t\t<div class=\"elementor-element elementor-element-a6e3920 elementor-widget elementor-widget-toggle\" data-id=\"a6e3920\" data-element_type=\"widget\" data-widget_type=\"toggle.default\">\n\t\t\t\t<div class=\"elementor-widget-container\">\n\t\t\t\t\t\t\t<div class=\"elementor-toggle\">\n\t\t\t\t\t\t\t<div class=\"elementor-toggle-item\">\n\t\t\t\t\t<div id=\"elementor-tab-title-1741\" class=\"elementor-tab-title\" data-tab=\"1\" role=\"button\" aria-controls=\"elementor-tab-content-1741\" aria-expanded=\"false\">\n\t\t\t\t\t\t\t\t\t\t\t\t<span class=\"elementor-toggle-icon elementor-toggle-icon-left\" aria-hidden=\"true\">\n\t\t\t\t\t\t\t\t\t\t\t\t\t\t\t<span class=\"elementor-toggle-icon-closed\"><svg class=\"e-font-icon-svg e-fas-caret-right\" viewBox=\"0 0 192 512\" xmlns=\"http:\/\/www.w3.org\/2000\/svg\"><path d=\"M0 384.662V127.338c0-17.818 21.543-26.741 34.142-14.142l128.662 128.662c7.81 7.81 7.81 20.474 0 28.284L34.142 398.804C21.543 411.404 0 402.48 0 384.662z\"><\/path><\/svg><\/span>\n\t\t\t\t\t\t\t\t<span class=\"elementor-toggle-icon-opened\"><svg class=\"elementor-toggle-icon-opened e-font-icon-svg e-fas-caret-up\" viewBox=\"0 0 320 512\" xmlns=\"http:\/\/www.w3.org\/2000\/svg\"><path d=\"M288.662 352H31.338c-17.818 0-26.741-21.543-14.142-34.142l128.662-128.662c7.81-7.81 20.474-7.81 28.284 0l128.662 128.662c12.6 12.599 3.676 34.142-14.142 34.142z\"><\/path><\/svg><\/span>\n\t\t\t\t\t\t\t\t\t\t\t\t\t<\/span>\n\t\t\t\t\t\t\t\t\t\t\t\t<a class=\"elementor-toggle-title\" tabindex=\"0\">PRODUCTOS INKJET<\/a>\n\t\t\t\t\t<\/div>\n\n\t\t\t\t\t<div id=\"elementor-tab-content-1741\" class=\"elementor-tab-content elementor-clearfix\" data-tab=\"1\" role=\"region\" aria-labelledby=\"elementor-tab-title-1741\">Listado de los grupos de productos de impresi\u00f3n digital cer\u00e1mica.\n\nDentro de la gama de aditivos para tecnolog\u00eda digital distinguimos:\n<ul>\n \t<li>ADITIVOS INKJET: son productos dise\u00f1ados para ser disparados a trav\u00e9s del mismo cabezal de la m\u00e1quina digital. Permiten aplicar, ajust\u00e1ndose al dise\u00f1o, colas, repelentes y aditivos espec\u00edficos para efectos.<\/li>\n \t<li>ADITIVOS AUXILIARES: Aquellos que se aplican antes o despu\u00e9s de la digital y son compatibles con las tintas inkjet.<\/li>\n<\/ul>\nAmbos grupos de productos nos permiten obtener aplicaciones y acabados exclusivos con la definici\u00f3n y el dise\u00f1o de la tecnolog\u00eda digital.<span style=\"color: var(--proteo-base_font_color, #404040); font-size: var(--proteo-base_font_size, 16);\">\u00a0<\/span>\n<table class=\"TProductos\">\n<tbody>\n<tr class=\"TProdCabecera\">\n<td><b>APLICACI\u00d3N<\/b><\/td>\n<td><b> PRODUCTO<\/b><\/td>\n<td><b>CARACTER\u00cdSTICAS<\/b><\/td>\n<\/tr>\n<tr>\n<td>PRIMER<\/td>\n<td>ADIMEL V-1514<\/td>\n<td>Antivapor<\/td>\n<\/tr>\n<tr>\n<td><\/td>\n<td>PRIMER V-1610<\/td>\n<td>Primer<\/td>\n<\/tr>\n<tr>\n<td><\/td>\n<td>ADIMEL V-977<\/td>\n<td>Antirrepelente<\/td>\n<\/tr>\n<tr>\n<td><\/td>\n<td>ADICEL V-1102\/L<\/td>\n<td>Relieves<\/td>\n<\/tr>\n<tr class=\"TProdImpar\">\n<td>ADITIVO INKJET<\/td>\n<td>ES-01<\/td>\n<td>cola<\/td>\n<\/tr>\n<tr class=\"TProdImpar\">\n<td><\/td>\n<td>V-1260<\/td>\n<td>repelente<\/td>\n<\/tr>\n<tr class=\"TProdImpar\">\n<td><\/td>\n<td>ADINET V-1185<\/td>\n<td>Limpiador de cabezales<\/td>\n<\/tr>\n<tr class=\"TProdImpar\">\n<td><\/td>\n<td>ADINET V-914<\/td>\n<td>Limpiador de transici\u00f3n<\/td>\n<\/tr>\n<tr class=\"TProdImpar\">\n<td><\/td>\n<td>FLUX B-00<\/td>\n<td>Limpiador de cabezales inkjet<\/td>\n<\/tr>\n<tr class=\"TProdImpar\">\n<td><\/td>\n<td>DIGISOLV CE<\/td>\n<td>Disolventes para tintas inkjet<\/td>\n<\/tr>\n<tr>\n<td>EFECTOS<\/td>\n<td>RC-275<\/td>\n<td>Veh\u00edculo espesorado y m\u00e1scaras<\/td>\n<\/tr>\n<tr>\n<\/tbody>\n<\/table><\/div>\n\t\t\t\t<\/div>\n\t\t\t\t\t\t\t\t<\/div>\n\t\t\t\t\t\t<\/div>\n\t\t\t\t<\/div>\n\t\t\t\t\t<\/div>\n\t\t<\/div>\n\t\t\t\t\t<\/div>\n\t\t<\/section>\n\t\t\t\t<section class=\"elementor-section elementor-top-section elementor-element elementor-element-d343146 elementor-section-boxed elementor-section-height-default elementor-section-height-default\" data-id=\"d343146\" data-element_type=\"section\">\n\t\t\t\t\t\t<div class=\"elementor-container elementor-column-gap-default\">\n\t\t\t\t\t<div class=\"elementor-column elementor-col-100 elementor-top-column elementor-element elementor-element-d2c535d\" data-id=\"d2c535d\" data-element_type=\"column\">\n\t\t\t<div class=\"elementor-widget-wrap elementor-element-populated\">\n\t\t\t\t\t\t<div class=\"elementor-element elementor-element-ab4459e elementor-widget elementor-widget-image\" data-id=\"ab4459e\" data-element_type=\"widget\" data-widget_type=\"image.default\">\n\t\t\t\t<div class=\"elementor-widget-container\">\n\t\t\t\t\t\t\t\t\t\t\t\t\t\t\t\t<a href=\"http:\/\/aditivosceramicos.com\/index.php\/ceramica-digital\/\">\n\t\t\t\t\t\t\t<img fetchpriority=\"high\" decoding=\"async\" width=\"600\" height=\"375\" src=\"https:\/\/www.aditivosceramicos.com\/wp-content\/uploads\/2022\/12\/depositphotos_68251581-stock-photo-cmyk-ink-droplets-sign-isolated.webp\" class=\"attachment-large size-large wp-image-8063\" alt=\"\" srcset=\"https:\/\/www.aditivosceramicos.com\/wp-content\/uploads\/2022\/12\/depositphotos_68251581-stock-photo-cmyk-ink-droplets-sign-isolated.webp 600w, https:\/\/www.aditivosceramicos.com\/wp-content\/uploads\/2022\/12\/depositphotos_68251581-stock-photo-cmyk-ink-droplets-sign-isolated-300x188.webp 300w\" sizes=\"(max-width: 600px) 100vw, 600px\" \/>\t\t\t\t\t\t\t\t<\/a>\n\t\t\t\t\t\t\t\t\t\t\t\t\t\t\t<\/div>\n\t\t\t\t<\/div>\n\t\t\t\t\t<\/div>\n\t\t<\/div>\n\t\t\t\t\t<\/div>\n\t\t<\/section>\n\t\t\t\t<\/div>\n\t\t","protected":false},"excerpt":{"rendered":"<p>\u00abHoy en d\u00eda la producci\u00f3n cer\u00e1mica no puede entenderse sin la tecnolog\u00eda digital, y Aditivos Cer\u00e1micos S.L. ha apostado por ella estrat\u00e9gicamente desde el inicio de esta revoluci\u00f3n\u00bb. Nuestro departamento t\u00e9cnico colabora activamente con los principales fabricantes de m\u00e1quinas de impresi\u00f3n digital, de tintas digitales y con todos los actores auxiliares involucrados en el sector.<a class=\"more-link\" href=\"https:\/\/www.aditivosceramicos.com\/index.php\/es\/ceramica-digital\/\">Ver m\u00e1s  &#10230;<\/a><\/p>\n","protected":false},"author":1,"featured_media":0,"parent":0,"menu_order":0,"comment_status":"closed","ping_status":"closed","template":"","meta":{"inline_featured_image":false,"footnotes":""},"class_list":["post-8020","page","type-page","status-publish","hentry"],"yoast_head":"<!-- This site is optimized with the Yoast SEO plugin v25.9 - https:\/\/yoast.com\/wordpress\/plugins\/seo\/ -->\n<title>Cer\u00e1mica Digital - Aditivos<\/title>\n<meta name=\"description\" content=\"Cer\u00e1mica Digital. Nuestro departamento t\u00e9cnico colabora activamente con los principales fabricantes de m\u00e1quinas de impresi\u00f3n digital.\" \/>\n<meta name=\"robots\" content=\"index, follow, max-snippet:-1, max-image-preview:large, max-video-preview:-1\" \/>\n<link rel=\"canonical\" href=\"https:\/\/www.aditivosceramicos.com\/index.php\/es\/ceramica-digital\/\" \/>\n<meta property=\"og:locale\" content=\"es_ES\" \/>\n<meta property=\"og:type\" content=\"article\" \/>\n<meta property=\"og:title\" content=\"Cer\u00e1mica Digital - Aditivos\" \/>\n<meta property=\"og:description\" content=\"Cer\u00e1mica Digital. Nuestro departamento t\u00e9cnico colabora activamente con los principales fabricantes de m\u00e1quinas de impresi\u00f3n digital.\" \/>\n<meta property=\"og:url\" content=\"https:\/\/www.aditivosceramicos.com\/index.php\/es\/ceramica-digital\/\" \/>\n<meta property=\"og:site_name\" content=\"Aditivos\" \/>\n<meta property=\"article:modified_time\" content=\"2023-04-04T14:27:07+00:00\" \/>\n<meta property=\"og:image\" content=\"http:\/\/aditivosceramicos.com\/wp-content\/uploads\/2022\/12\/depositphotos_68251581-stock-photo-cmyk-ink-droplets-sign-isolated.webp\" \/>\n<meta name=\"twitter:card\" content=\"summary_large_image\" \/>\n<meta name=\"twitter:label1\" content=\"Tiempo de lectura\" \/>\n\t<meta name=\"twitter:data1\" content=\"2 minutos\" \/>\n<script type=\"application\/ld+json\" class=\"yoast-schema-graph\">{\"@context\":\"https:\/\/schema.org\",\"@graph\":[{\"@type\":\"WebPage\",\"@id\":\"https:\/\/www.aditivosceramicos.com\/index.php\/es\/ceramica-digital\/\",\"url\":\"https:\/\/www.aditivosceramicos.com\/index.php\/es\/ceramica-digital\/\",\"name\":\"Cer\u00e1mica Digital - Aditivos\",\"isPartOf\":{\"@id\":\"https:\/\/www.aditivosceramicos.com\/#website\"},\"primaryImageOfPage\":{\"@id\":\"https:\/\/www.aditivosceramicos.com\/index.php\/es\/ceramica-digital\/#primaryimage\"},\"image\":{\"@id\":\"https:\/\/www.aditivosceramicos.com\/index.php\/es\/ceramica-digital\/#primaryimage\"},\"thumbnailUrl\":\"http:\/\/aditivosceramicos.com\/wp-content\/uploads\/2022\/12\/depositphotos_68251581-stock-photo-cmyk-ink-droplets-sign-isolated.webp\",\"datePublished\":\"2022-12-28T11:52:40+00:00\",\"dateModified\":\"2023-04-04T14:27:07+00:00\",\"description\":\"Cer\u00e1mica Digital. Nuestro departamento t\u00e9cnico colabora activamente con los principales fabricantes de m\u00e1quinas de impresi\u00f3n digital.\",\"breadcrumb\":{\"@id\":\"https:\/\/www.aditivosceramicos.com\/index.php\/es\/ceramica-digital\/#breadcrumb\"},\"inLanguage\":\"es\",\"potentialAction\":[{\"@type\":\"ReadAction\",\"target\":[\"https:\/\/www.aditivosceramicos.com\/index.php\/es\/ceramica-digital\/\"]}]},{\"@type\":\"ImageObject\",\"inLanguage\":\"es\",\"@id\":\"https:\/\/www.aditivosceramicos.com\/index.php\/es\/ceramica-digital\/#primaryimage\",\"url\":\"http:\/\/aditivosceramicos.com\/wp-content\/uploads\/2022\/12\/depositphotos_68251581-stock-photo-cmyk-ink-droplets-sign-isolated.webp\",\"contentUrl\":\"http:\/\/aditivosceramicos.com\/wp-content\/uploads\/2022\/12\/depositphotos_68251581-stock-photo-cmyk-ink-droplets-sign-isolated.webp\"},{\"@type\":\"BreadcrumbList\",\"@id\":\"https:\/\/www.aditivosceramicos.com\/index.php\/es\/ceramica-digital\/#breadcrumb\",\"itemListElement\":[{\"@type\":\"ListItem\",\"position\":1,\"name\":\"Portada\",\"item\":\"https:\/\/www.aditivosceramicos.com\/\"},{\"@type\":\"ListItem\",\"position\":2,\"name\":\"Cer\u00e1mica Digital\"}]},{\"@type\":\"WebSite\",\"@id\":\"https:\/\/www.aditivosceramicos.com\/#website\",\"url\":\"https:\/\/www.aditivosceramicos.com\/\",\"name\":\"Aditivos\",\"description\":\"A matter of Chemistry\",\"publisher\":{\"@id\":\"https:\/\/www.aditivosceramicos.com\/#organization\"},\"potentialAction\":[{\"@type\":\"SearchAction\",\"target\":{\"@type\":\"EntryPoint\",\"urlTemplate\":\"https:\/\/www.aditivosceramicos.com\/?s={search_term_string}\"},\"query-input\":{\"@type\":\"PropertyValueSpecification\",\"valueRequired\":true,\"valueName\":\"search_term_string\"}}],\"inLanguage\":\"es\"},{\"@type\":\"Organization\",\"@id\":\"https:\/\/www.aditivosceramicos.com\/#organization\",\"name\":\"Aditivos\",\"url\":\"https:\/\/www.aditivosceramicos.com\/\",\"logo\":{\"@type\":\"ImageObject\",\"inLanguage\":\"es\",\"@id\":\"https:\/\/www.aditivosceramicos.com\/#\/schema\/logo\/image\/\",\"url\":\"https:\/\/www.aditivosceramicos.com\/wp-content\/uploads\/2022\/11\/cropped-Logo-Aditivos-Ceramicos.png\",\"contentUrl\":\"https:\/\/www.aditivosceramicos.com\/wp-content\/uploads\/2022\/11\/cropped-Logo-Aditivos-Ceramicos.png\",\"width\":2000,\"height\":385,\"caption\":\"Aditivos\"},\"image\":{\"@id\":\"https:\/\/www.aditivosceramicos.com\/#\/schema\/logo\/image\/\"}}]}<\/script>\n<!-- \/ Yoast SEO plugin. -->","yoast_head_json":{"title":"Cer\u00e1mica Digital - Aditivos","description":"Cer\u00e1mica Digital. Nuestro departamento t\u00e9cnico colabora activamente con los principales fabricantes de m\u00e1quinas de impresi\u00f3n digital.","robots":{"index":"index","follow":"follow","max-snippet":"max-snippet:-1","max-image-preview":"max-image-preview:large","max-video-preview":"max-video-preview:-1"},"canonical":"https:\/\/www.aditivosceramicos.com\/index.php\/es\/ceramica-digital\/","og_locale":"es_ES","og_type":"article","og_title":"Cer\u00e1mica Digital - Aditivos","og_description":"Cer\u00e1mica Digital. Nuestro departamento t\u00e9cnico colabora activamente con los principales fabricantes de m\u00e1quinas de impresi\u00f3n digital.","og_url":"https:\/\/www.aditivosceramicos.com\/index.php\/es\/ceramica-digital\/","og_site_name":"Aditivos","article_modified_time":"2023-04-04T14:27:07+00:00","og_image":[{"url":"http:\/\/aditivosceramicos.com\/wp-content\/uploads\/2022\/12\/depositphotos_68251581-stock-photo-cmyk-ink-droplets-sign-isolated.webp","type":"","width":"","height":""}],"twitter_card":"summary_large_image","twitter_misc":{"Tiempo de lectura":"2 minutos"},"schema":{"@context":"https:\/\/schema.org","@graph":[{"@type":"WebPage","@id":"https:\/\/www.aditivosceramicos.com\/index.php\/es\/ceramica-digital\/","url":"https:\/\/www.aditivosceramicos.com\/index.php\/es\/ceramica-digital\/","name":"Cer\u00e1mica Digital - Aditivos","isPartOf":{"@id":"https:\/\/www.aditivosceramicos.com\/#website"},"primaryImageOfPage":{"@id":"https:\/\/www.aditivosceramicos.com\/index.php\/es\/ceramica-digital\/#primaryimage"},"image":{"@id":"https:\/\/www.aditivosceramicos.com\/index.php\/es\/ceramica-digital\/#primaryimage"},"thumbnailUrl":"http:\/\/aditivosceramicos.com\/wp-content\/uploads\/2022\/12\/depositphotos_68251581-stock-photo-cmyk-ink-droplets-sign-isolated.webp","datePublished":"2022-12-28T11:52:40+00:00","dateModified":"2023-04-04T14:27:07+00:00","description":"Cer\u00e1mica Digital. Nuestro departamento t\u00e9cnico colabora activamente con los principales fabricantes de m\u00e1quinas de impresi\u00f3n digital.","breadcrumb":{"@id":"https:\/\/www.aditivosceramicos.com\/index.php\/es\/ceramica-digital\/#breadcrumb"},"inLanguage":"es","potentialAction":[{"@type":"ReadAction","target":["https:\/\/www.aditivosceramicos.com\/index.php\/es\/ceramica-digital\/"]}]},{"@type":"ImageObject","inLanguage":"es","@id":"https:\/\/www.aditivosceramicos.com\/index.php\/es\/ceramica-digital\/#primaryimage","url":"http:\/\/aditivosceramicos.com\/wp-content\/uploads\/2022\/12\/depositphotos_68251581-stock-photo-cmyk-ink-droplets-sign-isolated.webp","contentUrl":"http:\/\/aditivosceramicos.com\/wp-content\/uploads\/2022\/12\/depositphotos_68251581-stock-photo-cmyk-ink-droplets-sign-isolated.webp"},{"@type":"BreadcrumbList","@id":"https:\/\/www.aditivosceramicos.com\/index.php\/es\/ceramica-digital\/#breadcrumb","itemListElement":[{"@type":"ListItem","position":1,"name":"Portada","item":"https:\/\/www.aditivosceramicos.com\/"},{"@type":"ListItem","position":2,"name":"Cer\u00e1mica Digital"}]},{"@type":"WebSite","@id":"https:\/\/www.aditivosceramicos.com\/#website","url":"https:\/\/www.aditivosceramicos.com\/","name":"Aditivos","description":"A matter of Chemistry","publisher":{"@id":"https:\/\/www.aditivosceramicos.com\/#organization"},"potentialAction":[{"@type":"SearchAction","target":{"@type":"EntryPoint","urlTemplate":"https:\/\/www.aditivosceramicos.com\/?s={search_term_string}"},"query-input":{"@type":"PropertyValueSpecification","valueRequired":true,"valueName":"search_term_string"}}],"inLanguage":"es"},{"@type":"Organization","@id":"https:\/\/www.aditivosceramicos.com\/#organization","name":"Aditivos","url":"https:\/\/www.aditivosceramicos.com\/","logo":{"@type":"ImageObject","inLanguage":"es","@id":"https:\/\/www.aditivosceramicos.com\/#\/schema\/logo\/image\/","url":"https:\/\/www.aditivosceramicos.com\/wp-content\/uploads\/2022\/11\/cropped-Logo-Aditivos-Ceramicos.png","contentUrl":"https:\/\/www.aditivosceramicos.com\/wp-content\/uploads\/2022\/11\/cropped-Logo-Aditivos-Ceramicos.png","width":2000,"height":385,"caption":"Aditivos"},"image":{"@id":"https:\/\/www.aditivosceramicos.com\/#\/schema\/logo\/image\/"}}]}},"_links":{"self":[{"href":"https:\/\/www.aditivosceramicos.com\/index.php\/wp-json\/wp\/v2\/pages\/8020","targetHints":{"allow":["GET"]}}],"collection":[{"href":"https:\/\/www.aditivosceramicos.com\/index.php\/wp-json\/wp\/v2\/pages"}],"about":[{"href":"https:\/\/www.aditivosceramicos.com\/index.php\/wp-json\/wp\/v2\/types\/page"}],"author":[{"embeddable":true,"href":"https:\/\/www.aditivosceramicos.com\/index.php\/wp-json\/wp\/v2\/users\/1"}],"replies":[{"embeddable":true,"href":"https:\/\/www.aditivosceramicos.com\/index.php\/wp-json\/wp\/v2\/comments?post=8020"}],"version-history":[{"count":53,"href":"https:\/\/www.aditivosceramicos.com\/index.php\/wp-json\/wp\/v2\/pages\/8020\/revisions"}],"predecessor-version":[{"id":11901,"href":"https:\/\/www.aditivosceramicos.com\/index.php\/wp-json\/wp\/v2\/pages\/8020\/revisions\/11901"}],"wp:attachment":[{"href":"https:\/\/www.aditivosceramicos.com\/index.php\/wp-json\/wp\/v2\/media?parent=8020"}],"curies":[{"name":"wp","href":"https:\/\/api.w.org\/{rel}","templated":true}]}}